{"id":5242,"date":"2021-02-11T20:42:48","date_gmt":"2021-02-11T20:42:48","guid":{"rendered":"http:\/\/akfsn.cz\/?page_id=5242"},"modified":"2021-02-11T20:55:12","modified_gmt":"2021-02-11T20:55:12","slug":"ochrana-osobnich-udaju","status":"publish","type":"page","link":"https:\/\/akfsn.cz\/en\/ochrana-osobnich-udaju\/","title":{"rendered":"Ochrana osobn\u00edch \u00fadaj\u016f"},"content":{"rendered":"\n<h2 class=\"wp-block-heading\"><strong>Z\u00e1sady ochrany osobn\u00edch \u00fadaj\u016f<\/strong><\/h2>\n\n\n\n<p>Spole\u010dnost A.K.F. Spr\u00e1va nemovitost\u00ed a.s., kter\u00e1 je provozovatelem tohoto webu, pova\u017euje ochranu a d\u016fv\u011brnost va\u0161ich \u00fadaj\u016f za velmi d\u016fle\u017eitou. Va\u0161e osobn\u00ed \u00fadaje zpracov\u00e1v\u00e1me a vyu\u017e\u00edv\u00e1me v souladu jak s ustanoven\u00edmi \u010desk\u00fdch pr\u00e1vn\u00edch p\u0159edpis\u016f (z\u00e1kon o ochran\u011b osobn\u00edch \u00fadaj\u016f \u010d.101\/2000 Sb.), tak i Evropskou legislativou (Na\u0159\u00edzen\u00ed Evropsk\u00e9ho parlamentu a Rady (EU) 2016\/679).<\/p>\n\n\n\n<h4 class=\"wp-block-heading\"><strong>Spr\u00e1vce osobn\u00edch \u00fadaj\u016f<\/strong><\/h4>\n\n\n\n<p>Spr\u00e1vcem osobn\u00edch \u00fadaj\u016f ve smyslu n\u00e1rodn\u00ed a evropsk\u00e9 legislativy je:<\/p>\n\n\n\n<p><strong>Obchodn\u00ed firma<\/strong>: A.K.F. Spr\u00e1va nemovitost\u00ed a.s.<\/p>\n\n\n\n<p><strong>I\u010c<\/strong>: 63983702<\/p>\n\n\n\n<p><strong>Se s\u00eddlem<\/strong>: Korunn\u00ed 79, Praha 3, Kr\u00e1lovsk\u00e9 Vinohrady, 130 00<\/p>\n\n\n\n<p>M\u00e1te-li jak\u00e9koli dotazy ohledn\u011b zpracov\u00e1n\u00ed a ochrany va\u0161ich osobn\u00edch \u00fadaj\u016f, m\u016f\u017eete n\u00e1s kontaktovat e-mailem na adrese: <a href=\"mailto:akf@akfsn.cz\">akf@akfsn.cz<\/a><\/p>\n\n\n\n<h4 class=\"wp-block-heading\"><strong>Jak\u00e9 osobn\u00ed \u00fadaje zpracov\u00e1v\u00e1me a pro\u010d<\/strong><\/h4>\n\n\n\n<p>Nejv\u011bt\u0161\u00ed \u010d\u00e1st osobn\u00edch \u00fadaj\u016f, kter\u00e9 zpracov\u00e1v\u00e1me o na\u0161ich z\u00e1kazn\u00edc\u00edch a jin\u00fdch obchodn\u00edch stran\u00e1ch, vedeme v souvislosti s nab\u00eddkou a poskytov\u00e1n\u00edm na\u0161ich slu\u017eeb. V drtiv\u00e9 v\u011bt\u0161in\u011b p\u0159\u00edpad\u016f se jedn\u00e1 o kontaktn\u00ed \u00fadaje typu: jm\u00e9no a p\u0159\u00edjmen\u00ed, telefon a email. Bez t\u011bchto \u00fadaj\u016f s V\u00e1mi nem\u016f\u017eeme komunikovat a zajistit pln\u011bn\u00ed na\u0161ich slu\u017eeb, kter\u00e9 plynou z \u0159\u00e1dn\u011b uzav\u0159en\u00e9 smlouvy.<\/p>\n\n\n\n<p>Pr\u00e1vn\u00ed p\u0159edpisy a legislativa \u010cR n\u00e1m takt\u00e9\u017e v ur\u010dit\u00fdch p\u0159\u00edpadech d\u00e1vaj\u00ed povinnost Va\u0161e osobn\u00ed \u00fadaje zpracov\u00e1vat. Jedn\u00e1 se typicky o uchov\u00e1n\u00ed \u00fadaj\u016f dle z\u00e1konn\u00fdch po\u017eadavk\u016f z d\u016fvodu veden\u00ed \u00fa\u010detnictv\u00ed.<\/p>\n\n\n\n<p>Jste-li \u00fasp\u011b\u0161n\u00fd uchaze\u010d o zam\u011bstn\u00e1n\u00ed, budeme n\u011bkter\u00e9 Va\u0161e osobn\u00ed \u00fadaje zpracov\u00e1vat pro na\u0161i pot\u0159ebu p\u0159i n\u00e1boru zam\u011bstnanc\u016f a to proto, abychom s V\u00e1mi, pop\u0159\u00edpad\u011b mohli podepsat pracovn\u00ed smlouvu.<\/p>\n\n\n\n<p>S Va\u0161\u00edm souhlasem, jste-li uchaze\u010d o zam\u011bstn\u00e1n\u00ed, archivujeme n\u00e1borovou dokumentaci do odvol\u00e1n\u00ed souhlasu pro pot\u0159eby potenci\u00e1ln\u00ed komunikace a nab\u00eddky zam\u011bstn\u00e1n\u00ed u spole\u010dnosti.<\/p>\n\n\n\n<p>V p\u0159\u00edpad\u011b, \u017ee jste n\u00e1\u0161 potenci\u00e1ln\u00ed z\u00e1kazn\u00edk a ud\u011blil(a) jste n\u00e1m souhlas, zpracov\u00e1v\u00e1me va\u0161e osobn\u00ed \u00fadaje k \u00fa\u010del\u016fm zas\u00edl\u00e1n\u00ed obchodn\u00edch sd\u011blen\u00ed zejm\u00e9na zas\u00edl\u00e1n\u00ed mailov\u00e9ho osloven\u00ed.<\/p>\n\n\n\n<p>V\u0161echny v\u00fd\u0161e zm\u00edn\u011bn\u00e9 osobn\u00ed \u00fadaje, kter\u00e9 vznikaj\u00ed z podn\u011btu na\u0161\u00ed vz\u00e1jemn\u00e9 komunikace a interakce, jsou \u0159\u00edzeny intern\u00edm syst\u00e9mem ochrany osobn\u00edch \u00fadaj\u016f dle platn\u00e9 legislativy. V maxim\u00e1ln\u00ed m\u00ed\u0159e tedy \u0159\u00edd\u00edme p\u0159\u00edstup k osobn\u00edm \u00fadaj\u016fm, technick\u00e1 opat\u0159en\u00ed pro jejich zabezpe\u010den\u00ed a dobu jejich existence.<\/p>\n\n\n\n<h4 class=\"wp-block-heading\"><strong>Doba, po kterou va\u0161e osobn\u00ed \u00fadaje zpracov\u00e1v\u00e1me<\/strong><\/h4>\n\n\n\n<p>Osobn\u00ed \u00fadaje z\u00e1kazn\u00edk\u016f a t\u0159et\u00edch stran zpracov\u00e1v\u00e1me a uchov\u00e1v\u00e1me po dobu nezbytn\u011b nutnou k zaji\u0161t\u011bn\u00ed v\u0161ech pr\u00e1v a povinnost\u00ed plynouc\u00edch ze smlouvy, a d\u00e1le po dobu, po kterou jsme povinn\u00ed \u00fadaje uchov\u00e1vat podle obecn\u011b z\u00e1vazn\u00fdch pr\u00e1vn\u00edch p\u0159edpis\u016f.<\/p>\n\n\n\n<p>Va\u0161e osobn\u00ed \u00fadaje z\u00edskan\u00e9 na z\u00e1klad\u011b dobrovoln\u00e9ho souhlasu za \u00fa\u010delem zas\u00edl\u00e1n\u00ed obchodn\u00edch sd\u011blen\u00ed zpracov\u00e1v\u00e1me do odvol\u00e1n\u00ed Va\u0161eho souhlasu.<\/p>\n\n\n\n<h4 class=\"wp-block-heading\"><strong>Va\u0161e pr\u00e1va<\/strong><\/h4>\n\n\n\n<p>Va\u0161\u00edm p\u0159irozen\u00fdm pr\u00e1vem je obdr\u017eet informace o Va\u0161ich datech, kter\u00e9 o V\u00e1s zpracov\u00e1v\u00e1me. Stejn\u011b tak m\u00e1te pr\u00e1vo na opravu nebo zablokov\u00e1n\u00ed nespr\u00e1vn\u00fdch \u010di neaktu\u00e1ln\u00edch \u00fadaj\u016f, pr\u00e1vo na omezen\u00ed zpracov\u00e1n\u00ed a pr\u00e1vo vzn\u00e9st n\u00e1mitku proti zpracov\u00e1n\u00ed. V ur\u010dit\u00fdch p\u0159\u00edpadech V\u00e1m n\u00e1le\u017e\u00ed pr\u00e1vo na v\u00fdmaz. D\u00e1le jsme povinni va\u0161e osobn\u00ed \u00fadaje na va\u0161e po\u017e\u00e1d\u00e1n\u00ed p\u0159en\u00e9st na v\u00e1mi zvolen\u00e9ho spr\u00e1vce\/zpracovatele osobn\u00edch \u00fadaj\u016f.<\/p>\n\n\n\n<p>Budete-li se cht\u00edt zeptat na cokoliv, co se t\u00fd\u010de na\u0161eho zpracov\u00e1n\u00ed Va\u0161ich osobn\u00edch \u00fadaj\u016f, kontaktujte n\u00e1s na <a href=\"mailto:akf@akfsn.cz\">akf@akfsn.cz<\/a><\/p>\n\n\n\n<p>Jste-li p\u0159esv\u011bd\u010den\u00ed, \u017ee s Va\u0161imi daty nezach\u00e1z\u00edme adekv\u00e1tn\u011b a podle z\u00e1konn\u00fdch norem, m\u00e1te mo\u017enost podat st\u00ed\u017enost u dozorov\u00e9ho \u00fa\u0159adu, kter\u00fdm je \u00da\u0159ad pro ochranu osobn\u00edch \u00fadaj\u016f.<\/p>\n\n\n\n<h4 class=\"wp-block-heading\"><strong>P\u0159enos osobn\u00edch \u00fadaj\u016f<\/strong><\/h4>\n\n\n\n<p>Ve\u0161ker\u00e9 osobn\u00ed \u00fadaje z\u00edskan\u00e9 od z\u00e1kazn\u00edk\u016f a t\u0159et\u00edch stran vyu\u017e\u00edv\u00e1me v\u00fdhradn\u011b pro vnit\u0159n\u00ed pot\u0159ebu spole\u010dnosti, chr\u00e1n\u00edme p\u0159ed zneu\u017eit\u00edm a neposkytujeme t\u0159et\u00edm stran\u00e1m bez p\u0159edchoz\u00edho upozorn\u011bn\u00ed nebo souhlasu.<\/p>\n\n\n\n<p>V\u00fdjimku p\u0159edstavuj\u00ed extern\u00ed spole\u010dnosti, kter\u00e9 pro n\u00e1s zaji\u0161\u0165uj\u00ed podp\u016frn\u00e9 slu\u017eby a org\u00e1ny st\u00e1tn\u00ed moci. T\u011bmto entit\u00e1m va\u0161e osobn\u00ed \u00fadaje poskytnout m\u016f\u017eeme \u010di mus\u00edme v minim\u00e1ln\u00edm rozsahu p\u0159\u00edkladov\u011b p\u0159i:<\/p>\n\n\n\n<p>vy\u0161et\u0159ov\u00e1n\u00ed nez\u00e1konn\u00e9ho vyu\u017e\u00edv\u00e1n\u00ed na\u0161ich slu\u017eeb nebo pro pot\u0159eby soudn\u00edho \u0159\u00edzen\u00ed, mohou b\u00fdt \u00fadaje p\u0159ed\u00e1ny org\u00e1n\u016fm pro vy\u0161et\u0159ov\u00e1n\u00ed trestn\u00e9 \u010dinnosti.<\/p>\n\n\n\n<p>Spr\u00e1v\u011b na\u0161ich informa\u010dn\u00edch syst\u00e9m\u016f a aplikac\u00ed.<\/p>\n\n\n\n<p>U v\u0161ech t\u011bchto poskytovatel\u016f slu\u017eeb smluvn\u011b po\u017eadujeme (mimo org\u00e1ny ve\u0159ejn\u00e9 spr\u00e1vy), aby zpracov\u00e1vali va\u0161e osobn\u00ed \u00fadaje v souladu s podm\u00ednkami ochrany osobn\u00edch \u00fadaj\u016f a platnou legislativou.<\/p>\n\n\n\n<h4 class=\"wp-block-heading\"><strong>Cookies<\/strong><\/h4>\n\n\n\n<p>Cookies jsou mal\u00e9 textov\u00e9 soubory, kter\u00e9 se ukl\u00e1daj\u00ed ve va\u0161em za\u0159\u00edzen\u00ed (po\u010d\u00edta\u010d, mobiln\u00ed za\u0159\u00edzen\u00ed nebo jin\u00e9m p\u0159\u00edstroji umo\u017e\u0148uj\u00edc\u00ed p\u0159\u00edstup k internetu) pomoc\u00ed n\u011bho\u017e pou\u017e\u00edv\u00e1te na\u0161e webov\u00e9 str\u00e1nky a pokud je po opu\u0161t\u011bn\u00ed na\u0161ich str\u00e1nek nesma\u017eete, jsou op\u011bt vyu\u017e\u00edv\u00e1ny b\u011bhem Va\u0161ich dal\u0161\u00edch n\u00e1v\u0161t\u011bv. Cookies pou\u017e\u00edv\u00e1me ke zlep\u0161en\u00ed funk\u010dnosti na\u0161ich str\u00e1nek a zjednodu\u0161en\u00ed va\u0161\u00ed p\u0159\u00ed\u0161t\u00ed n\u00e1v\u0161t\u011bvy, zejm\u00e9na pak pro tyto \u010dinnosti:<\/p>\n\n\n\n<ul class=\"wp-block-list\"><li>ulo\u017een\u00ed p\u0159edvoleb a nastaven\u00ed, kter\u00e1 umo\u017e\u0148uj\u00ed, aby na\u0161e webov\u00e9 str\u00e1nky fungovaly spr\u00e1vn\u011b, p\u0159ihl\u00e1\u0161en\u00ed a ov\u011b\u0159ov\u00e1n\u00ed. Pokud se nechcete st\u00e1le p\u0159ihla\u0161ovat a odhla\u0161ovat, d\u00edky cookies nemus\u00edte, zabezpe\u010den\u00ed.<\/li><li>Cookies pou\u017e\u00edv\u00e1me k odhalov\u00e1n\u00ed podvod\u016f a zneu\u017eit\u00ed na\u0161ich webov\u00fdch str\u00e1nek, anal\u00fdzy.<\/li><li>Pomoc\u00ed cookies shroma\u017e\u010fujeme data pro na\u0161e analytick\u00e9 n\u00e1stroje,<\/li><li>Cookies vyu\u017e\u00edv\u00e1me pro vyhodnocen\u00ed na\u0161ich marketingov\u00fdch kampan\u00ed nebo pro osloven\u00ed z\u00e1kazn\u00edk\u016f, soci\u00e1ln\u00ed s\u00edt\u011b.<\/li><\/ul>\n\n\n\n<p>Navzdory v\u00fd\u0161e uveden\u00e9mu na z\u00e1klad\u011b soubor\u016f cookies v\u00e1s nejsme schopni identifikovat na \u00farove\u0148 konkr\u00e9tn\u00ed fyzick\u00e9 osoby.<\/p>\n\n\n\n<h4 class=\"wp-block-heading\"><strong>Jak odm\u00edtnout pou\u017e\u00edv\u00e1n\u00ed soubor\u016f cookies?<\/strong><\/h4>\n\n\n\n<p>Cookies z va\u0161eho po\u010d\u00edta\u010de nebo z jin\u00e9ho za\u0159\u00edzen\u00ed m\u016f\u017eete snadno vymazat pomoc\u00ed va\u0161eho prohl\u00ed\u017ee\u010de. N\u00e1vod, jak zach\u00e1zet se soubory cookies a jak je odstranit, najdete v nab\u00eddce &#8220;<em>N\u00e1pov\u011bda<\/em>&#8221; va\u0161eho prohl\u00ed\u017ee\u010de. V takov\u00e9m p\u0159\u00edpad\u011b je ale mo\u017en\u00e9, \u017ee se v\u00e1m n\u011bkter\u00e9 \u010d\u00e1sti na\u0161ich str\u00e1nek nebudou zobrazovat spr\u00e1vn\u011b, jejich prohl\u00ed\u017een\u00ed pro v\u00e1s bude slo\u017eit\u011bj\u0161\u00ed a nebude se v\u00e1m zobrazovat nab\u00eddka v\u00fdrobk\u016f odpov\u00eddaj\u00edc\u00ed pr\u00e1v\u011b va\u0161im pot\u0159eb\u00e1m.<\/p>\n\n\n\n<p>Budete-li pou\u017e\u00edvat na\u0161e str\u00e1nky beze zm\u011bny nastaven\u00ed, budeme to pova\u017eovat za souhlas s pou\u017e\u00edv\u00e1n\u00edm cookies na na\u0161ich str\u00e1nk\u00e1ch.<\/p>\n\n\n\n<h4 class=\"wp-block-heading\"><strong>Analytick\u00e9 n\u00e1stroje Webu<\/strong><\/h4>\n\n\n\n<p>Statistick\u00e1 data<\/p>\n\n\n\n<p>Pokud vyu\u017e\u00edv\u00e1te na\u0161e webov\u00e9 str\u00e1nky, shroma\u017e\u010fujeme statistick\u00e9 \u00fadaje o va\u0161\u00ed aktivit\u011b, kter\u00e9 d\u00e1le vyu\u017e\u00edv\u00e1me ke zlep\u0161en\u00ed na\u0161ich slu\u017eeb.<\/p>\n\n\n\n<p>PPC<\/p>\n\n\n\n<p>Tyto slu\u017eby jsou marketingov\u00e9 n\u00e1stroje, kter\u00e9 n\u00e1m umo\u017e\u0148uj\u00ed nab\u00edzet na\u0161e slu\u017eby nov\u00fdm nebo st\u00e1vaj\u00edc\u00edm z\u00e1kazn\u00edk\u016fm. Poskytuj\u00ed je spole\u010dnosti Google nebo Seznam. Aby slu\u017eby fungovali spr\u00e1vn\u011b, vyu\u017e\u00edvaj\u00ed cookies.<\/p>\n","protected":false},"excerpt":{"rendered":"<p>Z\u00e1sady ochrany osobn\u00edch \u00fadaj\u016f Spole\u010dnost A.K.F. Spr\u00e1va nemovitost\u00ed a.s., kter\u00e1 je provozovatelem tohoto webu, pova\u017euje ochranu a d\u016fv\u011brnost va\u0161ich \u00fadaj\u016f za velmi d\u016fle\u017eitou. Va\u0161e osobn\u00ed \u00fadaje zpracov\u00e1v\u00e1me a vyu\u017e\u00edv\u00e1me v souladu jak s ustanoven\u00edmi \u010desk\u00fdch pr\u00e1vn\u00edch p\u0159edpis\u016f (z\u00e1kon o ochran\u011b osobn\u00edch \u00fadaj\u016f \u010d.101\/2000 Sb.), tak i Evropskou legislativou (Na\u0159\u00edzen\u00ed Evropsk\u00e9ho parlamentu a Rady (EU) 2016\/679). &hellip; <\/p>\n<p class=\"link-more\"><a href=\"https:\/\/akfsn.cz\/en\/ochrana-osobnich-udaju\/\" class=\"more-link\">Continue reading<span class=\"screen-reader-text\"> &#8220;Ochrana osobn\u00edch \u00fadaj\u016f&#8221;<\/span><\/a><\/p>\n","protected":false},"author":5,"featured_media":0,"parent":0,"menu_order":0,"comment_status":"closed","ping_status":"closed","template":"","meta":{"footnotes":""},"class_list":["post-5242","page","type-page","status-publish","hentry"],"_links":{"self":[{"href":"https:\/\/akfsn.cz\/en\/wp-json\/wp\/v2\/pages\/5242","targetHints":{"allow":["GET"]}}],"collection":[{"href":"https:\/\/akfsn.cz\/en\/wp-json\/wp\/v2\/pages"}],"about":[{"href":"https:\/\/akfsn.cz\/en\/wp-json\/wp\/v2\/types\/page"}],"author":[{"embeddable":true,"href":"https:\/\/akfsn.cz\/en\/wp-json\/wp\/v2\/users\/5"}],"replies":[{"embeddable":true,"href":"https:\/\/akfsn.cz\/en\/wp-json\/wp\/v2\/comments?post=5242"}],"version-history":[{"count":2,"href":"https:\/\/akfsn.cz\/en\/wp-json\/wp\/v2\/pages\/5242\/revisions"}],"predecessor-version":[{"id":5244,"href":"https:\/\/akfsn.cz\/en\/wp-json\/wp\/v2\/pages\/5242\/revisions\/5244"}],"wp:attachment":[{"href":"https:\/\/akfsn.cz\/en\/wp-json\/wp\/v2\/media?parent=5242"}],"curies":[{"name":"wp","href":"https:\/\/api.w.org\/{rel}","templated":true}]}}