{"id":4884,"date":"2020-09-07T18:13:54","date_gmt":"2020-09-07T18:13:54","guid":{"rendered":"http:\/\/dom-dev.xyz\/?page_id=4883"},"modified":"2020-09-07T18:13:54","modified_gmt":"2020-09-07T18:13:54","slug":"poptavka","status":"publish","type":"page","link":"https:\/\/akfsn.cz\/en\/poptavka\/","title":{"rendered":"Popt\u00e1vka"},"content":{"rendered":"\n<div class=\"wpcf7 no-js\" id=\"wpcf7-f4906-o1\" lang=\"cs-CZ\" dir=\"ltr\" data-wpcf7-id=\"4906\">\n<div class=\"screen-reader-response\"><p role=\"status\" aria-live=\"polite\" aria-atomic=\"true\"><\/p> <ul><\/ul><\/div>\n<form action=\"\/en\/wp-json\/wp\/v2\/pages\/4884#wpcf7-f4906-o1\" method=\"post\" class=\"wpcf7-form init\" aria-label=\"Kontaktn\u00ed formul\u00e1\u0159\" novalidate=\"novalidate\" data-status=\"init\">\n<fieldset class=\"hidden-fields-container\"><input type=\"hidden\" name=\"_wpcf7\" value=\"4906\" \/><input type=\"hidden\" name=\"_wpcf7_version\" value=\"6.1.5\" \/><input type=\"hidden\" name=\"_wpcf7_locale\" value=\"cs_CZ\" \/><input type=\"hidden\" name=\"_wpcf7_unit_tag\" value=\"wpcf7-f4906-o1\" \/><input type=\"hidden\" name=\"_wpcf7_container_post\" value=\"0\" \/><input type=\"hidden\" name=\"_wpcf7_posted_data_hash\" value=\"\" \/><input type=\"hidden\" name=\"lang\" value=\"en\" \/><input type=\"hidden\" name=\"_wpcf7_recaptcha_response\" value=\"\" \/>\n<\/fieldset>\n<p><label> Jm\u00e9no:<br \/>\n<span class=\"wpcf7-form-control-wrap\" data-name=\"your-name\"><input size=\"40\" maxlength=\"400\" class=\"wpcf7-form-control wpcf7-text\" aria-invalid=\"false\" value=\"\" type=\"text\" name=\"your-name\" \/><\/span> <\/label>\n<\/p>\n<p><label> P\u0159ijmen\u00ed:<br \/>\n<span class=\"wpcf7-form-control-wrap\" data-name=\"your-surname\"><input size=\"40\" maxlength=\"400\" class=\"wpcf7-form-control wpcf7-text\" aria-invalid=\"false\" value=\"\" type=\"text\" name=\"your-surname\" \/><\/span> <\/label>\n<\/p>\n<p><label> V\u00e1\u0161 e-mail: <span class=\"mandatory\">*<span><br \/>\n<span class=\"wpcf7-form-control-wrap\" data-name=\"your-email\"><input size=\"40\" maxlength=\"400\" class=\"wpcf7-form-control wpcf7-email wpcf7-validates-as-required wpcf7-text wpcf7-validates-as-email\" aria-required=\"true\" aria-invalid=\"false\" value=\"\" type=\"email\" name=\"your-email\" \/><\/span> <\/span><\/span><\/label>\n<\/p>\n<p><label> Tel:<br \/>\n<span class=\"wpcf7-form-control-wrap\" data-name=\"telefon\"><input size=\"40\" maxlength=\"400\" class=\"wpcf7-form-control wpcf7-tel wpcf7-text wpcf7-validates-as-tel\" aria-invalid=\"false\" value=\"\" type=\"tel\" name=\"telefon\" \/><\/span> <\/label>\n<\/p>\n<p><label> Typ nemovitosti:<br \/>\n<span class=\"wpcf7-form-control-wrap\" data-name=\"menu-typ\"><select class=\"wpcf7-form-control wpcf7-select\" aria-invalid=\"false\" name=\"menu-typ\"><option value=\"Byt\">Byt<\/option><option value=\"D\u016fm\">D\u016fm<\/option><\/select><\/span> <\/label>\n<\/p>\n<p><label> Lokalita nemovitosti:<br \/>\n<span class=\"wpcf7-form-control-wrap\" data-name=\"menu-lokalita\"><select class=\"wpcf7-form-control wpcf7-select\" aria-invalid=\"false\" name=\"menu-lokalita\"><option value=\"Praha 1\">Praha 1<\/option><option value=\"Praha 2\">Praha 2<\/option><option value=\"Praha 3\">Praha 3<\/option><option value=\"Praha 4\">Praha 4<\/option><option value=\"Praha 5\">Praha 5<\/option><option value=\"Praha 6\">Praha 6<\/option><option value=\"Praha 7\">Praha 7<\/option><option value=\"Praha 8\">Praha 8<\/option><option value=\"Praha 9\">Praha 9<\/option><option value=\"Praha 10\">Praha 10<\/option><option value=\"Jin\u00e1\">Jin\u00e1<\/option><\/select><\/span> <\/label>\n<\/p>\n<p><label> Forma vlastnictv\u00ed:<br \/>\n<span class=\"wpcf7-form-control-wrap\" data-name=\"menu-forma\"><select class=\"wpcf7-form-control wpcf7-select\" aria-invalid=\"false\" name=\"menu-forma\"><option value=\"SVJ\">SVJ<\/option><option value=\"FO\">FO<\/option><option value=\"Dru\u017estvo\">Dru\u017estvo<\/option><option value=\"Jin\u00e1\">Jin\u00e1<\/option><\/select><\/span> <\/label>\n<\/p>\n<p><label> Po\u010det jednotek:<br \/>\n<span class=\"wpcf7-form-control-wrap\" data-name=\"menu-pocet\"><select class=\"wpcf7-form-control wpcf7-select\" aria-invalid=\"false\" name=\"menu-pocet\"><option value=\"1-10\">1-10<\/option><option value=\"10-20\">10-20<\/option><option value=\"20-30\">20-30<\/option><option value=\"V\u00edce\">V\u00edce<\/option><\/select><\/span> <\/label>\n<\/p>\n<p><label> Typ jednotek:<br \/>\n<span class=\"wpcf7-form-control-wrap\" data-name=\"menu-typ-jednotek\"><select class=\"wpcf7-form-control wpcf7-select\" aria-invalid=\"false\" name=\"menu-typ-jednotek\"><option value=\"Bytov\u00e9\">Bytov\u00e9<\/option><option value=\"Nebytov\u00e9\">Nebytov\u00e9<\/option><option value=\"Kombinace\">Kombinace<\/option><\/select><\/span> <\/label>\n<\/p>\n<p><label> Rozsah spr\u00e1vy:<br \/>\n<span class=\"wpcf7-form-control-wrap\" data-name=\"menu-sprava-rozsah\"><select class=\"wpcf7-form-control wpcf7-select\" aria-invalid=\"false\" name=\"menu-sprava-rozsah\"><option value=\"Ekonomick\u00e1\">Ekonomick\u00e1<\/option><option value=\"Technick\u00e1\">Technick\u00e1<\/option><option value=\"Komplexn\u00ed\">Komplexn\u00ed<\/option><\/select><\/span> <\/label>\n<\/p>\n<p><label> Va\u0161e zpr\u00e1va: <span class=\"mandatory\">*<span><br \/>\n<span class=\"wpcf7-form-control-wrap\" data-name=\"your-message\"><textarea cols=\"40\" rows=\"10\" maxlength=\"2000\" class=\"wpcf7-form-control wpcf7-textarea wpcf7-validates-as-required\" aria-required=\"true\" aria-invalid=\"false\" name=\"your-message\"><\/textarea><\/span> <\/span><\/span><\/label>\n<\/p>\n<p><input class=\"wpcf7-form-control wpcf7-submit has-spinner\" type=\"submit\" value=\"ODESLAT\" \/>\n<\/p><div class=\"wpcf7-response-output\" aria-hidden=\"true\"><\/div>\n<\/form>\n<\/div>\n\n","protected":false},"excerpt":{"rendered":"","protected":false},"author":8,"featured_media":0,"parent":0,"menu_order":0,"comment_status":"closed","ping_status":"closed","template":"page-templates\/template-demand.php","meta":{"footnotes":""},"class_list":["post-4884","page","type-page","status-publish","hentry"],"_links":{"self":[{"href":"https:\/\/akfsn.cz\/en\/wp-json\/wp\/v2\/pages\/4884","targetHints":{"allow":["GET"]}}],"collection":[{"href":"https:\/\/akfsn.cz\/en\/wp-json\/wp\/v2\/pages"}],"about":[{"href":"https:\/\/akfsn.cz\/en\/wp-json\/wp\/v2\/types\/page"}],"author":[{"embeddable":true,"href":"https:\/\/akfsn.cz\/en\/wp-json\/wp\/v2\/users\/8"}],"replies":[{"embeddable":true,"href":"https:\/\/akfsn.cz\/en\/wp-json\/wp\/v2\/comments?post=4884"}],"version-history":[{"count":0,"href":"https:\/\/akfsn.cz\/en\/wp-json\/wp\/v2\/pages\/4884\/revisions"}],"wp:attachment":[{"href":"https:\/\/akfsn.cz\/en\/wp-json\/wp\/v2\/media?parent=4884"}],"curies":[{"name":"wp","href":"https:\/\/api.w.org\/{rel}","templated":true}]}}