{"id":4773,"date":"2020-08-29T09:13:25","date_gmt":"2020-08-29T07:13:25","guid":{"rendered":"http:\/\/akf-dev.loc\/?page_id=4773"},"modified":"2020-08-29T09:13:25","modified_gmt":"2020-08-29T07:13:25","slug":"homepage","status":"publish","type":"page","link":"https:\/\/akfsn.cz\/en\/","title":{"rendered":"Homepage"},"content":{"rendered":"\n<h4 class=\"wp-block-heading\">Spole\u010dnost A.K.F. Spr\u00e1va nemovitost\u00ed a.s. se zab\u00fdv\u00e1:<\/h4>\n\n\n\n<h3 class=\"wp-block-heading\">1. Spr\u00e1vou nemovitost\u00ed<\/h3>\n\n\n\n<p>kompletn\u00ed spr\u00e1va a provoz nemovitost\u00ed<\/p>\n\n\n\n<h3 class=\"wp-block-heading\">2. Zprost\u0159edkov\u00e1n\u00edm prodeje (n\u00e1kupu), pron\u00e1jmu (n\u00e1jmu) nemovitost\u00ed<\/h3>\n\n\n\n<h3 class=\"wp-block-heading\">3. In\u017een\u00fdrskou \u010dinnosti v oblasti stavebnictv\u00ed<\/h3>\n\n\n\n<h3 class=\"wp-block-heading\">4. Investorskou \u010dinnost\u00ed<\/h3>\n\n\n\n<div style=\"height:50px\" aria-hidden=\"true\" class=\"wp-block-spacer\"><\/div>\n\n\n\n<p>Spoluprac\u00ed v\u0161ech \u010dty\u0159 odd\u011blen\u00ed je spole\u010dnost A.K.F. Spr\u00e1va nemovitost\u00ed a.s. schopna zajistit profesion\u00e1ln\u00ed a komplexn\u00ed slu\u017eby p\u0159i spr\u00e1v\u011b jak\u00e9koliv nemovitosti podle v\u0161ech platn\u00fdch z\u00e1kon\u016f a vyhl\u00e1\u0161ek.&nbsp;<\/p>\n\n\n\n<p>V&nbsp;mnoha p\u0159\u00edpadech se spole\u010dnost A.K.F. Spr\u00e1va nemovitost\u00ed pod\u00edlela na projektu od vypracov\u00e1n\u00ed studie, stavebn\u00ed dokumentace, zaji\u0161t\u011bn\u00ed stavebn\u00edho povolen\u00ed, p\u0159es vlastn\u00ed v\u00fdstavbu a obsazen\u00ed budovy n\u00e1jemci, a\u017e k&nbsp;vlastn\u00ed spr\u00e1v\u011b.<\/p>\n\n\n\n<p>C\u00edlem spole\u010dnosti je nab\u00eddnout vlastn\u00edk\u016fm nemovitost\u00ed, a\u0165 u\u017e se jedn\u00e1 o fyzick\u00e9 osoby, pr\u00e1vnick\u00e9 osoby, dru\u017estva \u010di spole\u010denstv\u00ed vlastn\u00edk\u016f, kvalitn\u00ed slu\u017eby v&nbsp;oboru spr\u00e1vy nemovitost\u00ed.<\/p>\n","protected":false},"excerpt":{"rendered":"<p>Spole\u010dnost A.K.F. Spr\u00e1va nemovitost\u00ed a.s. se zab\u00fdv\u00e1: 1. Spr\u00e1vou nemovitost\u00ed kompletn\u00ed spr\u00e1va a provoz nemovitost\u00ed 2. Zprost\u0159edkov\u00e1n\u00edm prodeje (n\u00e1kupu), pron\u00e1jmu (n\u00e1jmu) nemovitost\u00ed 3. In\u017een\u00fdrskou \u010dinnosti v oblasti stavebnictv\u00ed 4. Investorskou \u010dinnost\u00ed Spoluprac\u00ed v\u0161ech \u010dty\u0159 odd\u011blen\u00ed je spole\u010dnost A.K.F. Spr\u00e1va nemovitost\u00ed a.s. schopna zajistit profesion\u00e1ln\u00ed a komplexn\u00ed slu\u017eby p\u0159i spr\u00e1v\u011b jak\u00e9koliv nemovitosti podle v\u0161ech platn\u00fdch z\u00e1kon\u016f &hellip; <\/p>\n<p class=\"link-more\"><a href=\"https:\/\/akfsn.cz\/en\/\" class=\"more-link\">Continue reading<span class=\"screen-reader-text\"> &#8220;Homepage&#8221;<\/span><\/a><\/p>\n","protected":false},"author":5,"featured_media":0,"parent":0,"menu_order":0,"comment_status":"closed","ping_status":"closed","template":"page-templates\/template-homepage.php","meta":{"footnotes":""},"class_list":["post-4773","page","type-page","status-publish","hentry"],"_links":{"self":[{"href":"https:\/\/akfsn.cz\/en\/wp-json\/wp\/v2\/pages\/4773","targetHints":{"allow":["GET"]}}],"collection":[{"href":"https:\/\/akfsn.cz\/en\/wp-json\/wp\/v2\/pages"}],"about":[{"href":"https:\/\/akfsn.cz\/en\/wp-json\/wp\/v2\/types\/page"}],"author":[{"embeddable":true,"href":"https:\/\/akfsn.cz\/en\/wp-json\/wp\/v2\/users\/5"}],"replies":[{"embeddable":true,"href":"https:\/\/akfsn.cz\/en\/wp-json\/wp\/v2\/comments?post=4773"}],"version-history":[{"count":0,"href":"https:\/\/akfsn.cz\/en\/wp-json\/wp\/v2\/pages\/4773\/revisions"}],"wp:attachment":[{"href":"https:\/\/akfsn.cz\/en\/wp-json\/wp\/v2\/media?parent=4773"}],"curies":[{"name":"wp","href":"https:\/\/api.w.org\/{rel}","templated":true}]}}