{"id":4707,"date":"2020-08-28T18:30:41","date_gmt":"2020-08-28T16:30:41","guid":{"rendered":"http:\/\/akf-dev.loc\/?page_id=4707"},"modified":"2021-02-11T20:45:03","modified_gmt":"2021-02-11T20:45:03","slug":"kontakt","status":"publish","type":"page","link":"https:\/\/akfsn.cz\/en\/kontakt\/","title":{"rendered":"Kontakt"},"content":{"rendered":"\n<div class=\"wp-block-group\"><div class=\"wp-block-group__inner-container is-layout-flow wp-block-group-is-layout-flow\">\n<div class=\"wp-block-group\"><div class=\"wp-block-group__inner-container is-layout-flow wp-block-group-is-layout-flow\">\n<p><strong>Adresa:<\/strong><br \/>Korunn\u00ed 79<br \/>Praha 3<br \/>Kr\u00e1lovsk\u00e9 Vinohrady<br \/>130 00<\/p>\n<p><strong>E-mail:<\/strong><br \/><a href=\"mailto:akf@akfsn.cz\">akf@akfsn.cz<\/a><\/p>\n<p><strong>Tel.:<\/strong><br \/><a href=\"tel:+420224254016\">+420 224 254 016<\/a><br \/><a href=\"tel:+420224251762\">+420 224 251 139<\/a><\/p>\n<p><strong>Identifika\u010dn\u00ed \u00fadaje:<\/strong><br \/>A.K.F. Spr\u00e1va nemovitost\u00ed a.s.<br \/>I\u010c: 639 83 702<br \/>DI\u010c:\u00a0CZ63983702<br \/>slo\u017eka B 17971 veden\u00e1 u M\u011bstsk\u00e9ho soudu v Praze<br \/>jsme pl\u00e1tci DPH<\/p>\n\n\n\n<p class=\"fb-title\"><strong>Facebook:<\/strong><\/p>\n\n\n\n<figure class=\"wp-block-image size-large is-resized\"><a href=\"https:\/\/www.facebook.com\/AkfSpravaNemovitostiAs\" target=\"_blank\" rel=\"noopener noreferrer\"><img loading=\"lazy\" decoding=\"async\" src=\"https:\/\/akfsn.cz\/wp-content\/uploads\/2020\/10\/f_logo_RGB-Blue_250-1.png\" alt=\"\" class=\"wp-image-5190\" width=\"75\" height=\"75\" srcset=\"https:\/\/akfsn.cz\/wp-content\/uploads\/2020\/10\/f_logo_RGB-Blue_250-1.png 530w, https:\/\/akfsn.cz\/wp-content\/uploads\/2020\/10\/f_logo_RGB-Blue_250-1-300x300.png 300w, https:\/\/akfsn.cz\/wp-content\/uploads\/2020\/10\/f_logo_RGB-Blue_250-1-150x150.png 150w, https:\/\/akfsn.cz\/wp-content\/uploads\/2020\/10\/f_logo_RGB-Blue_250-1-100x100.png 100w\" sizes=\"auto, (max-width: 75px) 100vw, 75px\" \/><\/a><\/figure>\n\n\n\n<div style=\"height:30px\" aria-hidden=\"true\" class=\"wp-block-spacer\"><\/div>\n<\/div><\/div>\n\n\n\n<div class=\"wp-block-group is-layout-flow wp-block-group-is-layout-flow\"><div class=\"wp-block-group__inner-container\"><\/div><\/div>\n<\/div><\/div>\n\n\n\n<div class=\"wp-block-group\"><div class=\"wp-block-group__inner-container is-layout-flow wp-block-group-is-layout-flow\">\n<h3 class=\"wp-block-heading\">Napi\u0161t\u011b n\u00e1m:<\/h3>\n\n\n\n<div class=\"wpcf7 no-js\" id=\"wpcf7-f4889-o1\" lang=\"cs-CZ\" dir=\"ltr\">\n<div class=\"screen-reader-response\"><p role=\"status\" aria-live=\"polite\" aria-atomic=\"true\"><\/p> <ul><\/ul><\/div>\n<form action=\"\/en\/wp-json\/wp\/v2\/pages\/4707#wpcf7-f4889-o1\" method=\"post\" class=\"wpcf7-form init\" aria-label=\"Kontaktn\u00ed formul\u00e1\u0159\" novalidate=\"novalidate\" data-status=\"init\">\n<div style=\"display: none;\">\n<input type=\"hidden\" name=\"_wpcf7\" value=\"4889\" \/>\n<input type=\"hidden\" name=\"_wpcf7_version\" value=\"5.7.7\" \/>\n<input type=\"hidden\" name=\"_wpcf7_locale\" value=\"cs_CZ\" \/>\n<input type=\"hidden\" name=\"_wpcf7_unit_tag\" value=\"wpcf7-f4889-o1\" \/>\n<input type=\"hidden\" name=\"_wpcf7_container_post\" value=\"0\" \/>\n<input type=\"hidden\" name=\"_wpcf7_posted_data_hash\" value=\"\" \/>\n<input type=\"hidden\" name=\"lang\" value=\"en\" \/>\n<input type=\"hidden\" name=\"_wpcf7_recaptcha_response\" value=\"\" \/>\n<\/div>\n<p><label> Jm\u00e9no: <span class=\"mandatory\">*<\/span><br \/>\n<span class=\"wpcf7-form-control-wrap\" data-name=\"your-name\"><input size=\"40\" class=\"wpcf7-form-control wpcf7-text wpcf7-validates-as-required\" aria-required=\"true\" aria-invalid=\"false\" value=\"\" type=\"text\" name=\"your-name\" \/><\/span> <\/label>\n<\/p>\n<p><label> V\u00e1\u0161 e-mail: <span class=\"mandatory\">*<\/span><br \/>\n<span class=\"wpcf7-form-control-wrap\" data-name=\"your-email\"><input size=\"40\" class=\"wpcf7-form-control wpcf7-text wpcf7-email wpcf7-validates-as-required wpcf7-validates-as-email\" aria-required=\"true\" aria-invalid=\"false\" value=\"\" type=\"email\" name=\"your-email\" \/><\/span> <\/label>\n<\/p>\n<p><label> P\u0159edm\u011bt:<br \/>\n<span class=\"wpcf7-form-control-wrap\" data-name=\"your-subject\"><input size=\"40\" class=\"wpcf7-form-control wpcf7-text\" aria-invalid=\"false\" value=\"\" type=\"text\" name=\"your-subject\" \/><\/span> <\/label>\n<\/p>\n<p><label> Va\u0161e zpr\u00e1va: <span class=\"mandatory\">*<span><br \/>\n<span class=\"wpcf7-form-control-wrap\" data-name=\"your-message\"><textarea cols=\"40\" rows=\"10\" class=\"wpcf7-form-control wpcf7-textarea wpcf7-validates-as-required\" aria-required=\"true\" aria-invalid=\"false\" name=\"your-message\"><\/textarea><\/span> <\/span><\/span><\/label>\n<\/p>\n<p><input class=\"wpcf7-form-control has-spinner wpcf7-submit\" type=\"submit\" value=\"ODESLAT\" \/>\n<\/p><div class=\"wpcf7-response-output\" aria-hidden=\"true\"><\/div>\n<\/form>\n<\/div>\n\n<\/div><\/div>\n","protected":false},"excerpt":{"rendered":"<p>Adresa:Korunn\u00ed 79Praha 3Kr\u00e1lovsk\u00e9 Vinohrady130 00 E-mail:akf@akfsn.cz Tel.:+420 224 254 016+420 224 251 139 Identifika\u010dn\u00ed \u00fadaje:A.K.F. Spr\u00e1va nemovitost\u00ed a.s.I\u010c: 639 83 702DI\u010c:\u00a0CZ63983702slo\u017eka B 17971 veden\u00e1 u M\u011bstsk\u00e9ho soudu v Prazejsme pl\u00e1tci DPH Facebook: Napi\u0161t\u011b n\u00e1m:<\/p>\n","protected":false},"author":5,"featured_media":0,"parent":0,"menu_order":0,"comment_status":"closed","ping_status":"closed","template":"page-templates\/template-contact.php","meta":{"footnotes":""},"class_list":["post-4707","page","type-page","status-publish","hentry"],"_links":{"self":[{"href":"https:\/\/akfsn.cz\/en\/wp-json\/wp\/v2\/pages\/4707","targetHints":{"allow":["GET"]}}],"collection":[{"href":"https:\/\/akfsn.cz\/en\/wp-json\/wp\/v2\/pages"}],"about":[{"href":"https:\/\/akfsn.cz\/en\/wp-json\/wp\/v2\/types\/page"}],"author":[{"embeddable":true,"href":"https:\/\/akfsn.cz\/en\/wp-json\/wp\/v2\/users\/5"}],"replies":[{"embeddable":true,"href":"https:\/\/akfsn.cz\/en\/wp-json\/wp\/v2\/comments?post=4707"}],"version-history":[{"count":6,"href":"https:\/\/akfsn.cz\/en\/wp-json\/wp\/v2\/pages\/4707\/revisions"}],"predecessor-version":[{"id":5245,"href":"https:\/\/akfsn.cz\/en\/wp-json\/wp\/v2\/pages\/4707\/revisions\/5245"}],"wp:attachment":[{"href":"https:\/\/akfsn.cz\/en\/wp-json\/wp\/v2\/media?parent=4707"}],"curies":[{"name":"wp","href":"https:\/\/api.w.org\/{rel}","templated":true}]}}