{"id":159,"date":"2015-07-28T11:48:55","date_gmt":"2015-07-28T11:48:55","guid":{"rendered":"http:\/\/akfsn.fishcat.cz\/?page_id=159"},"modified":"2016-10-19T15:33:12","modified_gmt":"2016-10-19T15:33:12","slug":"uvodni-stranka-developerskych-projektu","status":"publish","type":"page","link":"https:\/\/akfsn.cz\/en\/uvodni-stranka-developerskych-projektu\/","title":{"rendered":"P\u0159edstaven\u00ed investi\u010dn\u00ed \u010dinnosti"},"content":{"rendered":"<p>Spole\u010dnosti A.K.F. se na \u010desk\u00e9m trhu s\u00a0nemovitostmi pohybuj\u00ed od roku 2002. Projekty spole\u010dnost\u00ed A.K.F. se vyzna\u010duj\u00ed stoprocentn\u00edm servisem s\u00a0d\u016frazem na individu\u00e1ln\u00ed p\u0159\u00edstup k\u00a0jednotliv\u00fdm klient\u016fm a jejich po\u017eadavk\u016fm. Vyzna\u010duj\u00ed se kvalitn\u00edm architektonick\u00fdm zpracov\u00e1n\u00edm, toleranc\u00ed k\u00a0\u017eivotn\u00edmu prost\u0159ed\u00ed, u\u017eit\u00edm ov\u011b\u0159en\u00fdch a kvalitn\u00edch technologi\u00ed za pou\u017eit\u00ed kvalitn\u00edch klasick\u00fdch materi\u00e1l\u016f. V\u017edy je kladen d\u016fraz na kvalitu, dokonal\u00fd celkov\u00fd vzhled a kvalitn\u00ed \u0159emeslnick\u00e9 zpracov\u00e1n\u00ed.<\/p>\n<p>Krom\u011b investi\u010dn\u00ed \u010dinnosti v\u00a0oblasti bytov\u00e9 v\u00fdstavby se spole\u010dnosti A.K.F. v\u011bnuj\u00ed tak\u00e9 <a href=\"http:\/\/akfsn.cz\/uvodni-stranka-nemovitosti\/\">spr\u00e1v\u011b nemovitost\u00ed<\/a> a nab\u00edz\u00ed tak sv\u00fdm klient\u016fm dokonal\u00fd servis nejen b\u011bhem budov\u00e1n\u00ed kvalitn\u00edho modern\u00edho bydlen\u00ed, ale tak\u00e9 v\u00a0n\u00e1sleduj\u00edc\u00ed etap\u011b jeho u\u017e\u00edv\u00e1n\u00ed.<\/p>\n","protected":false},"excerpt":{"rendered":"<p>Spole\u010dnosti A.K.F. se na \u010desk\u00e9m trhu s\u00a0nemovitostmi pohybuj\u00ed od roku 2002. Projekty spole\u010dnost\u00ed A.K.F. se vyzna\u010duj\u00ed stoprocentn\u00edm servisem s\u00a0d\u016frazem na individu\u00e1ln\u00ed p\u0159\u00edstup k\u00a0jednotliv\u00fdm klient\u016fm a jejich po\u017eadavk\u016fm. Vyzna\u010duj\u00ed se kvalitn\u00edm architektonick\u00fdm zpracov\u00e1n\u00edm, toleranc\u00ed k\u00a0\u017eivotn\u00edmu prost\u0159ed\u00ed, u\u017eit\u00edm ov\u011b\u0159en\u00fdch a kvalitn\u00edch technologi\u00ed za pou\u017eit\u00ed kvalitn\u00edch klasick\u00fdch materi\u00e1l\u016f. V\u017edy je kladen d\u016fraz na kvalitu, dokonal\u00fd celkov\u00fd vzhled a &hellip; <\/p>\n<p class=\"link-more\"><a href=\"https:\/\/akfsn.cz\/en\/uvodni-stranka-developerskych-projektu\/\" class=\"more-link\">Continue reading<span class=\"screen-reader-text\"> &#8220;P\u0159edstaven\u00ed investi\u010dn\u00ed \u010dinnosti&#8221;<\/span><\/a><\/p>\n","protected":false},"author":5,"featured_media":0,"parent":0,"menu_order":0,"comment_status":"closed","ping_status":"closed","template":"template-main_pages.php","meta":{"footnotes":""},"class_list":["post-159","page","type-page","status-publish","hentry"],"_links":{"self":[{"href":"https:\/\/akfsn.cz\/en\/wp-json\/wp\/v2\/pages\/159","targetHints":{"allow":["GET"]}}],"collection":[{"href":"https:\/\/akfsn.cz\/en\/wp-json\/wp\/v2\/pages"}],"about":[{"href":"https:\/\/akfsn.cz\/en\/wp-json\/wp\/v2\/types\/page"}],"author":[{"embeddable":true,"href":"https:\/\/akfsn.cz\/en\/wp-json\/wp\/v2\/users\/5"}],"replies":[{"embeddable":true,"href":"https:\/\/akfsn.cz\/en\/wp-json\/wp\/v2\/comments?post=159"}],"version-history":[{"count":15,"href":"https:\/\/akfsn.cz\/en\/wp-json\/wp\/v2\/pages\/159\/revisions"}],"predecessor-version":[{"id":471,"href":"https:\/\/akfsn.cz\/en\/wp-json\/wp\/v2\/pages\/159\/revisions\/471"}],"wp:attachment":[{"href":"https:\/\/akfsn.cz\/en\/wp-json\/wp\/v2\/media?parent=159"}],"curies":[{"name":"wp","href":"https:\/\/api.w.org\/{rel}","templated":true}]}}